{"id":12,"date":"2025-02-07T16:33:51","date_gmt":"2025-02-07T15:33:51","guid":{"rendered":"http:\/\/localhost:8888\/?page_id=12"},"modified":"2025-10-09T12:26:38","modified_gmt":"2025-10-09T10:26:38","slug":"inicio","status":"publish","type":"page","link":"https:\/\/asmemyhre.es\/","title":{"rendered":"Inicio"},"content":{"rendered":"<div class=\"n2_clear\"><ss3-force-full-width data-overflow-x=\"body\" data-horizontal-selector=\"\"><div class=\"n2-section-smartslider fitvidsignore  n2_clear\" data-ssid=\"2\" tabindex=\"0\" role=\"region\" aria-label=\"Slider\"><div id=\"n2-ss-2-align\" class=\"n2-ss-align\"><div class=\"n2-padding\"><div id=\"n2-ss-2\" data-creator=\"Smart Slider 3\" data-responsive=\"fullwidth\" class=\"n2-ss-slider n2-ow n2-has-hover n2notransition  \">\n\n\n\n<div class=\"n2-ss-slider-wrapper-inside\">\n        <div class=\"n2-ss-slider-1 n2_ss__touch_element n2-ow\">\n            <div class=\"n2-ss-slider-2 n2-ow\">\n                                                <div class=\"n2-ss-slider-3 n2-ow\">\n\n                    <div class=\"n2-ss-slide-backgrounds n2-ow-all\"><div class=\"n2-ss-slide-background\" data-public-id=\"1\" data-mode=\"fill\"><div data-gradient=\"horizontal\" data-color-start=\"RGBA(69,148,225,1)\" data-color-end=\"RGBA(206,211,213,1)\" style=\"background:linear-gradient(to right, RGBA(69,148,225,1) 0%,RGBA(206,211,213,1) 100%);\" class=\"n2-ss-slide-background-color\"><\/div><\/div><div class=\"n2-ss-slide-background\" data-public-id=\"2\" data-mode=\"fill\" aria-hidden=\"true\"><div data-gradient=\"horizontal\" data-color-start=\"RGBA(69,148,225,1)\" data-color-end=\"RGBA(206,211,213,1)\" style=\"background:linear-gradient(to right, RGBA(69,148,225,1) 0%,RGBA(206,211,213,1) 100%);\" class=\"n2-ss-slide-background-color\"><\/div><\/div><div class=\"n2-ss-slide-background\" data-public-id=\"3\" data-mode=\"fill\" aria-hidden=\"true\"><div data-gradient=\"horizontal\" data-color-start=\"RGBA(69,148,225,1)\" data-color-end=\"RGBA(206,211,213,1)\" style=\"background:linear-gradient(to right, RGBA(69,148,225,1) 0%,RGBA(206,211,213,1) 100%);\" class=\"n2-ss-slide-background-color\"><\/div><\/div><\/div>                    <div class=\"n2-ss-slider-4 n2-ow\">\n                        <svg xmlns=\"http:\/\/www.w3.org\/2000\/svg\" viewBox=\"0 0 1300 400\" data-related-device=\"desktopPortrait\" class=\"n2-ow n2-ss-preserve-size n2-ss-preserve-size--slider n2-ss-slide-limiter\"><\/svg><div data-first=\"1\" data-slide-duration=\"0\" data-id=\"3\" data-slide-public-id=\"1\" data-title=\"Slide 1\" class=\"n2-ss-slide n2-ow  n2-ss-slide-3\"><div role=\"note\" class=\"n2-ss-slide--focus\" tabindex=\"-1\">Slide 1<\/div><div class=\"n2-ss-layers-container n2-ss-slide-limiter n2-ow\"><div class=\"n2-ss-layer n2-ow n-uc-zOmi4DlhGpAV\" data-sstype=\"slide\" data-pm=\"default\"><div class=\"n2-ss-layer n2-ow n-uc-19001ef738de1\" data-pm=\"default\" data-sstype=\"content\" data-hasbackground=\"0\"><div class=\"n2-ss-section-main-content n2-ss-layer-with-background n2-ss-layer-content n2-ow n-uc-19001ef738de1-inner\"><div class=\"n2-ss-layer n2-ow n2-ss-layer--block n2-ss-has-self-align n-uc-180f0b0bfd71d\" data-pm=\"normal\" data-sstype=\"row\"><div class=\"n2-ss-layer-row n2-ss-layer-with-background n-uc-180f0b0bfd71d-inner\"><div class=\"n2-ss-layer-row-inner \"><div class=\"n2-ss-layer n2-ow n-uc-1ee0db941a48b\" data-pm=\"default\" data-sstype=\"col\"><div class=\"n2-ss-layer-col n2-ss-layer-with-background n2-ss-layer-content n-uc-1ee0db941a48b-inner\"><div class=\"n2-ss-layer n2-ow n-uc-vSDgziQKLNBC\" data-pm=\"normal\" data-sstype=\"layer\"><h2 id=\"n2-ss-2item1\" class=\"n2-font-7350dc4581b97d0798a69ab061aacc0a-hover   n2-ss-item-content n2-ss-text n2-ow\" style=\"display:block;\">Bienvenidos a la Asociaci\u00f3n S\u00edndrome de Myhre Espa\u00f1a (ASME)<\/h2><\/div><div class=\"n2-ss-layer n2-ow n-uc-SxGAqM9KhkOb\" data-pm=\"normal\" data-sstype=\"layer\"><div class=\"n2-ss-item-content n2-ss-text n2-ow-all\"><div class=\"\"><p class=\"n2-font-ca806ce804b121fb57a373b1bfff1148-paragraph   \">ASME es un espacio de apoyo, informaci\u00f3n y uni\u00f3n para quienes conviven con esta enfermedad rara. Trabajamos por la investigaci\u00f3n, la visibilidad y la mejora de la calidad de vida de los afectados y sus familias. Juntos, hacemos comunidad y avanzamos hacia un futuro mejor \u00a1\u00danete a nosotros!<\/p>\n<\/div><\/div><\/div><div class=\"n2-ss-layer n2-ow n-uc-J58b5HtDunOR n2-ss-layer--auto\" data-pm=\"normal\" data-sstype=\"layer\"><div class=\"n2-ss-button-container n2-ss-item-content n2-ow n2-font-3960f8f526f178801129c2438b71683a-link  n2-ss-nowrap n2-ss-button-container--non-full-width\"><a class=\"n2-style-1a5b74c1a070e82bad8ed3dfd9217329-heading  n2-ow \" href=\"\/index.php\/contacto\/\"><div><div>\u00a1\u00danete a nosotros!<\/div><\/div><\/a><\/div><\/div><\/div><\/div><div class=\"n2-ss-layer n2-ow n-uc-13116e89e3503\" data-pm=\"default\" data-sstype=\"col\"><div class=\"n2-ss-layer-col n2-ss-layer-with-background n2-ss-layer-content n-uc-13116e89e3503-inner\"><div class=\"n2-ss-layer n2-ow n-uc-ipi0s5P2OG8x\" data-pm=\"normal\" data-sstype=\"layer\"><div class=\" n2-ss-item-image-content n2-ss-item-content n2-ow-all\"><img loading=\"lazy\" decoding=\"async\" id=\"n2-ss-2item4\" alt=\"\" class=\"skip-lazy\" width=\"1530\" height=\"722\" data-skip-lazy=\"1\" src=\"\/\/asmemyhre.es\/wp-content\/uploads\/2025\/02\/image3.png\" \/><\/div><\/div><\/div><\/div><\/div><\/div><\/div><\/div><\/div><\/div><\/div><\/div><div data-slide-duration=\"0\" data-id=\"4\" data-slide-public-id=\"2\" aria-hidden=\"true\" data-title=\"Slide 2\" class=\"n2-ss-slide n2-ow  n2-ss-slide-4\"><div role=\"note\" class=\"n2-ss-slide--focus\" tabindex=\"-1\">Slide 2<\/div><div class=\"n2-ss-layers-container n2-ss-slide-limiter n2-ow\"><div class=\"n2-ss-layer n2-ow n-uc-MvordbcMNmBp\" data-sstype=\"slide\" data-pm=\"default\"><div class=\"n2-ss-layer n2-ow n-uc-1bcf86987cbe4\" data-pm=\"default\" data-sstype=\"content\" data-hasbackground=\"0\"><div class=\"n2-ss-section-main-content n2-ss-layer-with-background n2-ss-layer-content n2-ow n-uc-1bcf86987cbe4-inner\"><div class=\"n2-ss-layer n2-ow n2-ss-layer--block n2-ss-has-self-align n-uc-141aa931f436e\" data-pm=\"normal\" data-sstype=\"row\"><div class=\"n2-ss-layer-row n2-ss-layer-with-background n-uc-141aa931f436e-inner\"><div class=\"n2-ss-layer-row-inner \"><div class=\"n2-ss-layer n2-ow n-uc-1c73b8f8a3847\" data-pm=\"default\" data-sstype=\"col\"><div class=\"n2-ss-layer-col n2-ss-layer-with-background n2-ss-layer-content n-uc-1c73b8f8a3847-inner\"><div class=\"n2-ss-layer n2-ow n-uc-GrMYka3Ek3jX\" data-pm=\"normal\" data-sstype=\"layer\"><h2 id=\"n2-ss-2item5\" class=\"n2-font-24c2363ea649b9a2c87a1938e922d56d-hover   n2-ss-item-content n2-ss-text n2-ow\" style=\"display:block;\">Ay\u00fadanos a seguir<\/h2><\/div><div class=\"n2-ss-layer n2-ow n-uc-vO48l604dmIX\" data-pm=\"normal\" data-sstype=\"layer\"><div class=\"n2-ss-item-content n2-ss-text n2-ow-all\"><div class=\"\"><p class=\"n2-font-ca806ce804b121fb57a373b1bfff1148-paragraph   \">Tus donativos son lo que nos permite seguir avanzando.<\/p>\n<\/div><\/div><\/div><div class=\"n2-ss-layer n2-ow n-uc-RgEcyuMZjk8N n2-ss-layer--auto\" data-pm=\"normal\" data-sstype=\"layer\"><div class=\"n2-ss-button-container n2-ss-item-content n2-ow n2-font-4794c5fc314f78bad57d5d757e5db6f4-link  n2-ss-nowrap n2-ss-button-container--non-full-width\"><a class=\"n2-style-1a5b74c1a070e82bad8ed3dfd9217329-heading  n2-ow \" href=\"\/index.php\/colabora\/\"><div><div>Quiero colaborar<\/div><\/div><\/a><\/div><\/div><\/div><\/div><div class=\"n2-ss-layer n2-ow n-uc-10930cce5e62e\" data-pm=\"default\" data-sstype=\"col\"><div class=\"n2-ss-layer-col n2-ss-layer-with-background n2-ss-layer-content n-uc-10930cce5e62e-inner\"><div class=\"n2-ss-layer n2-ow n-uc-Uo8kbNNupura\" data-pm=\"normal\" data-sstype=\"layer\"><div class=\" n2-ss-item-image-content n2-ss-item-content n2-ow-all\"><img decoding=\"async\" id=\"n2-ss-2item8\" alt=\"\" class=\"skip-lazy\" loading=\"lazy\" width=\"1999\" height=\"1333\" data-skip-lazy=\"1\" src=\"\/\/asmemyhre.es\/wp-content\/uploads\/2025\/02\/image1-1.jpg\" \/><\/div><\/div><\/div><\/div><\/div><\/div><\/div><\/div><\/div><\/div><\/div><\/div><div data-slide-duration=\"0\" data-id=\"5\" data-slide-public-id=\"3\" aria-hidden=\"true\" data-title=\"Slide 3\" class=\"n2-ss-slide n2-ow  n2-ss-slide-5\"><div role=\"note\" class=\"n2-ss-slide--focus\" tabindex=\"-1\">Slide 3<\/div><div class=\"n2-ss-layers-container n2-ss-slide-limiter n2-ow\"><div class=\"n2-ss-layer n2-ow n-uc-xVXNvBbHKs0R\" data-sstype=\"slide\" data-pm=\"default\"><div class=\"n2-ss-layer n2-ow n-uc-119f66eb31e42\" data-pm=\"default\" data-sstype=\"content\" data-hasbackground=\"0\"><div class=\"n2-ss-section-main-content n2-ss-layer-with-background n2-ss-layer-content n2-ow n-uc-119f66eb31e42-inner\"><div class=\"n2-ss-layer n2-ow n2-ss-layer--block n2-ss-has-self-align n-uc-12b77186b1328\" data-pm=\"normal\" data-sstype=\"row\"><div class=\"n2-ss-layer-row n2-ss-layer-with-background n-uc-12b77186b1328-inner\"><div class=\"n2-ss-layer-row-inner \"><div class=\"n2-ss-layer n2-ow n-uc-15555616c1ac0\" data-pm=\"default\" data-sstype=\"col\"><div class=\"n2-ss-layer-col n2-ss-layer-with-background n2-ss-layer-content n-uc-15555616c1ac0-inner\"><div class=\"n2-ss-layer n2-ow n-uc-GqNwP5vlfeqS\" data-pm=\"normal\" data-sstype=\"layer\"><h2 id=\"n2-ss-2item9\" class=\"n2-font-24c2363ea649b9a2c87a1938e922d56d-hover   n2-ss-item-content n2-ss-text n2-ow\" style=\"display:block;\">El s\u00edndrome de Myhre<\/h2><\/div><div class=\"n2-ss-layer n2-ow n-uc-WEy2Bg4A6FqI\" data-pm=\"normal\" data-sstype=\"layer\"><div class=\"n2-ss-item-content n2-ss-text n2-ow-all\"><div class=\"\"><p class=\"n2-font-ca806ce804b121fb57a373b1bfff1148-paragraph   \">El s\u00edndrome de Myhre es una enfermedad rara, que afecta una persona de cada mill\u00f3n.<\/p>\n<\/div><\/div><\/div><div class=\"n2-ss-layer n2-ow n-uc-LUiC1OdxoGEA n2-ss-layer--auto\" data-pm=\"normal\" data-sstype=\"layer\"><div class=\"n2-ss-button-container n2-ss-item-content n2-ow n2-font-866ebc15d8a3203162f1d9b9a769ac58-link  n2-ss-nowrap n2-ss-button-container--non-full-width\"><a class=\"n2-style-1a5b74c1a070e82bad8ed3dfd9217329-heading  n2-ow \" href=\"\/index.php\/sindrome-de-myhre\/\"><div><div>M\u00e1s informaci\u00f3n<\/div><\/div><\/a><\/div><\/div><\/div><\/div><div class=\"n2-ss-layer n2-ow n-uc-14babe20e1197\" data-pm=\"default\" data-sstype=\"col\"><div class=\"n2-ss-layer-col n2-ss-layer-with-background n2-ss-layer-content n-uc-14babe20e1197-inner\"><div class=\"n2-ss-layer n2-ow n-uc-N18GGFyzaNqF\" data-pm=\"normal\" data-sstype=\"layer\"><div class=\" n2-ss-item-image-content n2-ss-item-content n2-ow-all\"><img decoding=\"async\" id=\"n2-ss-2item12\" alt=\"\" class=\"skip-lazy\" loading=\"lazy\" width=\"1999\" height=\"1333\" data-skip-lazy=\"1\" src=\"\/\/asmemyhre.es\/wp-content\/uploads\/2025\/02\/image2.jpg\" \/><\/div><\/div><\/div><\/div><\/div><\/div><\/div><\/div><\/div><\/div><\/div><\/div>                    <\/div>\n\n                                    <\/div>\n            <\/div>\n        <\/div>\n        <div class=\"n2-ss-slider-controls n2-ss-slider-controls-absolute-left-center\"><div style=\"--widget-offset:5px;\" class=\"n2-ss-widget nextend-arrow n2-ow-all nextend-arrow-previous  nextend-arrow-animated-fade\" data-hide-mobileportrait=\"1\" id=\"n2-ss-2-arrow-previous\" role=\"button\" aria-label=\"previous arrow\" tabindex=\"0\"><img loading=\"lazy\" decoding=\"async\" width=\"32\" height=\"32\" class=\"skip-lazy\" data-skip-lazy=\"1\" src=\"data:image\/svg+xml;base64,PHN2ZyB3aWR0aD0iMzIiIGhlaWdodD0iMzIiIHZpZXdCb3g9IjAgMCAzMiAzMiIgeG1sbnM9Imh0dHA6Ly93d3cudzMub3JnLzIwMDAvc3ZnIj4KICAgIDxwYXRoIGQ9Ik0xMS40MzMgMTUuOTkyTDIyLjY5IDUuNzEyYy4zOTMtLjM5LjM5My0xLjAzIDAtMS40Mi0uMzkzLS4zOS0xLjAzLS4zOS0xLjQyMyAwbC0xMS45OCAxMC45NGMtLjIxLjIxLS4zLjQ5LS4yODUuNzYtLjAxNS4yOC4wNzUuNTYuMjg0Ljc3bDExLjk4IDEwLjk0Yy4zOTMuMzkgMS4wMy4zOSAxLjQyNCAwIC4zOTMtLjQuMzkzLTEuMDMgMC0xLjQybC0xMS4yNTctMTAuMjkiCiAgICAgICAgICBmaWxsPSIjZmZmZmZmIiBvcGFjaXR5PSIwLjgiIGZpbGwtcnVsZT0iZXZlbm9kZCIvPgo8L3N2Zz4=\" alt=\"previous arrow\"><\/div><\/div><div class=\"n2-ss-slider-controls n2-ss-slider-controls-absolute-right-center\"><div style=\"--widget-offset:5px;\" class=\"n2-ss-widget nextend-arrow n2-ow-all nextend-arrow-next  nextend-arrow-animated-fade\" data-hide-mobileportrait=\"1\" id=\"n2-ss-2-arrow-next\" role=\"button\" aria-label=\"next arrow\" tabindex=\"0\"><img loading=\"lazy\" decoding=\"async\" width=\"32\" height=\"32\" class=\"skip-lazy\" data-skip-lazy=\"1\" src=\"data:image\/svg+xml;base64,PHN2ZyB3aWR0aD0iMzIiIGhlaWdodD0iMzIiIHZpZXdCb3g9IjAgMCAzMiAzMiIgeG1sbnM9Imh0dHA6Ly93d3cudzMub3JnLzIwMDAvc3ZnIj4KICAgIDxwYXRoIGQ9Ik0xMC43MjIgNC4yOTNjLS4zOTQtLjM5LTEuMDMyLS4zOS0xLjQyNyAwLS4zOTMuMzktLjM5MyAxLjAzIDAgMS40MmwxMS4yODMgMTAuMjgtMTEuMjgzIDEwLjI5Yy0uMzkzLjM5LS4zOTMgMS4wMiAwIDEuNDIuMzk1LjM5IDEuMDMzLjM5IDEuNDI3IDBsMTIuMDA3LTEwLjk0Yy4yMS0uMjEuMy0uNDkuMjg0LS43Ny4wMTQtLjI3LS4wNzYtLjU1LS4yODYtLjc2TDEwLjcyIDQuMjkzeiIKICAgICAgICAgIGZpbGw9IiNmZmZmZmYiIG9wYWNpdHk9IjAuOCIgZmlsbC1ydWxlPSJldmVub2RkIi8+Cjwvc3ZnPg==\" alt=\"next arrow\"><\/div><\/div><div class=\"n2-ss-slider-controls n2-ss-slider-controls-absolute-center-bottom\"><div style=\"--widget-offset:5px;\" class=\"n2-ss-widget n2-ss-control-bullet n2-ow-all n2-ss-control-bullet-horizontal\" data-hide-mobileportrait=\"1\"><div class=\" nextend-bullet-bar n2-bar-justify-content-center\" role=\"group\" aria-label=\"Selecciona el slide para mostrar.\"><div class=\"n2-bullet n2-style-ea99b4d0fd859b2164a6c7ffa9ba224e-dot \" style=\"visibility:hidden;\"><\/div><\/div><\/div><\/div><\/div><\/div><ss3-loader><\/ss3-loader><\/div><\/div><div class=\"n2_clear\"><\/div><\/div><\/ss3-force-full-width><\/div>\n\n\n<div class=\"wp-block-columns alignfull is-layout-flex wp-container-core-columns-is-layout-28f84493 wp-block-columns-is-layout-flex\">\n<div class=\"wp-block-column is-layout-flow wp-block-column-is-layout-flow\" style=\"flex-basis:33.33%\">\n<figure class=\"wp-block-video alignleft no-lightbox\" style=\"padding-right:var(--wp--preset--spacing--30);padding-left:var(--wp--preset--spacing--30)\"><video autoplay controls muted preload=\"auto\" src=\"https:\/\/asmemyhre.es\/wp-content\/uploads\/2025\/02\/Video_reduced.mp4\" playsinline><\/video><\/figure>\n<\/div>\n\n\n\n<div class=\"wp-block-column is-layout-flow wp-block-column-is-layout-flow\" style=\"flex-basis:66.66%\">\n<div class=\"wp-block-group alignwide is-nowrap is-layout-flex wp-container-core-group-is-layout-6c531013 wp-block-group-is-layout-flex\"><\/div>\n<\/div>\n<\/div>\n","protected":false},"excerpt":{"rendered":"","protected":false},"author":1,"featured_media":0,"parent":0,"menu_order":0,"comment_status":"closed","ping_status":"closed","template":"","meta":{"footnotes":""},"class_list":["post-12","page","type-page","status-publish","hentry"],"yoast_head":"<!-- This site is optimized with the Yoast SEO plugin v27.5 - https:\/\/yoast.com\/product\/yoast-seo-wordpress\/ -->\n<title>Inicio - ASME<\/title>\n<meta name=\"robots\" content=\"index, follow, max-snippet:-1, max-image-preview:large, max-video-preview:-1\" \/>\n<link rel=\"canonical\" href=\"https:\/\/asmemyhre.es\/\" \/>\n<meta property=\"og:locale\" content=\"es_ES\" \/>\n<meta property=\"og:type\" content=\"article\" \/>\n<meta property=\"og:title\" content=\"Inicio - ASME\" \/>\n<meta property=\"og:url\" content=\"https:\/\/asmemyhre.es\/\" \/>\n<meta property=\"og:site_name\" content=\"ASME\" \/>\n<meta property=\"article:publisher\" content=\"https:\/\/www.facebook.com\/asme.myhre\" \/>\n<meta property=\"article:modified_time\" content=\"2025-10-09T10:26:38+00:00\" \/>\n<meta name=\"twitter:card\" content=\"summary_large_image\" \/>\n<meta name=\"twitter:label1\" content=\"Tiempo de lectura\" \/>\n\t<meta name=\"twitter:data1\" content=\"1 minuto\" \/>\n<script type=\"application\/ld+json\" class=\"yoast-schema-graph\">{\"@context\":\"https:\\\/\\\/schema.org\",\"@graph\":[{\"@type\":\"WebPage\",\"@id\":\"https:\\\/\\\/asmemyhre.es\\\/\",\"url\":\"https:\\\/\\\/asmemyhre.es\\\/\",\"name\":\"Inicio - ASME\",\"isPartOf\":{\"@id\":\"https:\\\/\\\/asmemyhre.es\\\/#website\"},\"datePublished\":\"2025-02-07T15:33:51+00:00\",\"dateModified\":\"2025-10-09T10:26:38+00:00\",\"breadcrumb\":{\"@id\":\"https:\\\/\\\/asmemyhre.es\\\/#breadcrumb\"},\"inLanguage\":\"es\",\"potentialAction\":[{\"@type\":\"ReadAction\",\"target\":[\"https:\\\/\\\/asmemyhre.es\\\/\"]}]},{\"@type\":\"BreadcrumbList\",\"@id\":\"https:\\\/\\\/asmemyhre.es\\\/#breadcrumb\",\"itemListElement\":[{\"@type\":\"ListItem\",\"position\":1,\"name\":\"Portada\",\"item\":\"https:\\\/\\\/asmemyhre.es\\\/\"},{\"@type\":\"ListItem\",\"position\":2,\"name\":\"Inicio\"}]},{\"@type\":\"WebSite\",\"@id\":\"https:\\\/\\\/asmemyhre.es\\\/#website\",\"url\":\"https:\\\/\\\/asmemyhre.es\\\/\",\"name\":\"Asociaci\u00f3n S\u00edndrome de Myhre Espa\u00f1a\",\"description\":\"Asociaci&oacute;n S&iacute;ndrome De Myhre Espa&ntilde;a\",\"publisher\":{\"@id\":\"https:\\\/\\\/asmemyhre.es\\\/#organization\"},\"alternateName\":\"ASME\",\"potentialAction\":[{\"@type\":\"SearchAction\",\"target\":{\"@type\":\"EntryPoint\",\"urlTemplate\":\"https:\\\/\\\/asmemyhre.es\\\/?s={search_term_string}\"},\"query-input\":{\"@type\":\"PropertyValueSpecification\",\"valueRequired\":true,\"valueName\":\"search_term_string\"}}],\"inLanguage\":\"es\"},{\"@type\":\"Organization\",\"@id\":\"https:\\\/\\\/asmemyhre.es\\\/#organization\",\"name\":\"ASME\",\"url\":\"https:\\\/\\\/asmemyhre.es\\\/\",\"logo\":{\"@type\":\"ImageObject\",\"inLanguage\":\"es\",\"@id\":\"https:\\\/\\\/asmemyhre.es\\\/#\\\/schema\\\/logo\\\/image\\\/\",\"url\":\"https:\\\/\\\/asmemyhre.es\\\/wp-content\\\/uploads\\\/2025\\\/02\\\/image3.png\",\"contentUrl\":\"https:\\\/\\\/asmemyhre.es\\\/wp-content\\\/uploads\\\/2025\\\/02\\\/image3.png\",\"width\":1530,\"height\":722,\"caption\":\"ASME\"},\"image\":{\"@id\":\"https:\\\/\\\/asmemyhre.es\\\/#\\\/schema\\\/logo\\\/image\\\/\"},\"sameAs\":[\"https:\\\/\\\/www.facebook.com\\\/asme.myhre\",\"https:\\\/\\\/www.instagram.com\\\/asme.myhre\\\/\"]}]}<\/script>\n<!-- \/ Yoast SEO plugin. -->","yoast_head_json":{"title":"Inicio - ASME","robots":{"index":"index","follow":"follow","max-snippet":"max-snippet:-1","max-image-preview":"max-image-preview:large","max-video-preview":"max-video-preview:-1"},"canonical":"https:\/\/asmemyhre.es\/","og_locale":"es_ES","og_type":"article","og_title":"Inicio - ASME","og_url":"https:\/\/asmemyhre.es\/","og_site_name":"ASME","article_publisher":"https:\/\/www.facebook.com\/asme.myhre","article_modified_time":"2025-10-09T10:26:38+00:00","twitter_card":"summary_large_image","twitter_misc":{"Tiempo de lectura":"1 minuto"},"schema":{"@context":"https:\/\/schema.org","@graph":[{"@type":"WebPage","@id":"https:\/\/asmemyhre.es\/","url":"https:\/\/asmemyhre.es\/","name":"Inicio - ASME","isPartOf":{"@id":"https:\/\/asmemyhre.es\/#website"},"datePublished":"2025-02-07T15:33:51+00:00","dateModified":"2025-10-09T10:26:38+00:00","breadcrumb":{"@id":"https:\/\/asmemyhre.es\/#breadcrumb"},"inLanguage":"es","potentialAction":[{"@type":"ReadAction","target":["https:\/\/asmemyhre.es\/"]}]},{"@type":"BreadcrumbList","@id":"https:\/\/asmemyhre.es\/#breadcrumb","itemListElement":[{"@type":"ListItem","position":1,"name":"Portada","item":"https:\/\/asmemyhre.es\/"},{"@type":"ListItem","position":2,"name":"Inicio"}]},{"@type":"WebSite","@id":"https:\/\/asmemyhre.es\/#website","url":"https:\/\/asmemyhre.es\/","name":"Asociaci\u00f3n S\u00edndrome de Myhre Espa\u00f1a","description":"Asociaci&oacute;n S&iacute;ndrome De Myhre Espa&ntilde;a","publisher":{"@id":"https:\/\/asmemyhre.es\/#organization"},"alternateName":"ASME","potentialAction":[{"@type":"SearchAction","target":{"@type":"EntryPoint","urlTemplate":"https:\/\/asmemyhre.es\/?s={search_term_string}"},"query-input":{"@type":"PropertyValueSpecification","valueRequired":true,"valueName":"search_term_string"}}],"inLanguage":"es"},{"@type":"Organization","@id":"https:\/\/asmemyhre.es\/#organization","name":"ASME","url":"https:\/\/asmemyhre.es\/","logo":{"@type":"ImageObject","inLanguage":"es","@id":"https:\/\/asmemyhre.es\/#\/schema\/logo\/image\/","url":"https:\/\/asmemyhre.es\/wp-content\/uploads\/2025\/02\/image3.png","contentUrl":"https:\/\/asmemyhre.es\/wp-content\/uploads\/2025\/02\/image3.png","width":1530,"height":722,"caption":"ASME"},"image":{"@id":"https:\/\/asmemyhre.es\/#\/schema\/logo\/image\/"},"sameAs":["https:\/\/www.facebook.com\/asme.myhre","https:\/\/www.instagram.com\/asme.myhre\/"]}]}},"_links":{"self":[{"href":"https:\/\/asmemyhre.es\/index.php\/wp-json\/wp\/v2\/pages\/12","targetHints":{"allow":["GET"]}}],"collection":[{"href":"https:\/\/asmemyhre.es\/index.php\/wp-json\/wp\/v2\/pages"}],"about":[{"href":"https:\/\/asmemyhre.es\/index.php\/wp-json\/wp\/v2\/types\/page"}],"author":[{"embeddable":true,"href":"https:\/\/asmemyhre.es\/index.php\/wp-json\/wp\/v2\/users\/1"}],"replies":[{"embeddable":true,"href":"https:\/\/asmemyhre.es\/index.php\/wp-json\/wp\/v2\/comments?post=12"}],"version-history":[{"count":41,"href":"https:\/\/asmemyhre.es\/index.php\/wp-json\/wp\/v2\/pages\/12\/revisions"}],"predecessor-version":[{"id":425,"href":"https:\/\/asmemyhre.es\/index.php\/wp-json\/wp\/v2\/pages\/12\/revisions\/425"}],"wp:attachment":[{"href":"https:\/\/asmemyhre.es\/index.php\/wp-json\/wp\/v2\/media?parent=12"}],"curies":[{"name":"wp","href":"https:\/\/api.w.org\/{rel}","templated":true}]}}