{"id":26,"date":"2025-02-07T16:39:06","date_gmt":"2025-02-07T15:39:06","guid":{"rendered":"http:\/\/localhost:8888\/?page_id=26"},"modified":"2025-07-03T16:02:26","modified_gmt":"2025-07-03T14:02:26","slug":"colabora","status":"publish","type":"page","link":"https:\/\/asmemyhre.es\/index.php\/colabora\/","title":{"rendered":"Colabora"},"content":{"rendered":"\n<h3 class=\"wp-block-heading\"><strong>Hazte socio<\/strong><\/h3>\n\n\n\n<p>Si tienes un hijo\/a, un familiar&nbsp; con S\u00edndrome de Myhre o eres un paciente afectado\/a con este s\u00edndrome, te invitamos a hacerte socio de nuestra asociaci\u00f3n.<\/p>\n\n\n\n<p>Haci\u00e9ndote socio, podr\u00e1s acceder a la informaci\u00f3n actualizada en lo referente a investigaci\u00f3n, contar con el apoyo de la asociaci\u00f3n, formar parte del grupo de familias y participar en los diferentes programas y eventos que tenemos en activo.<\/p>\n\n\n\n<p>Tu voz y tu apoyo pueden marcar la diferencia. Convi\u00e9rtete en socio y ay\u00fadanos a dar visibilidad a lo invisible.<\/p>\n\n\n\n<p>Puedes hacerte socio\/a rellenando vuestros datos en el siguiente formulario.<\/p>\n\n\n\n<p><\/p>\n\n\n\n<div class=\"wp-block-buttons is-content-justification-center is-layout-flex wp-container-core-buttons-is-layout-a89b3969 wp-block-buttons-is-layout-flex\">\n<div class=\"wp-block-button\"><a class=\"wp-block-button__link wp-element-button\" href=\"https:\/\/docs.google.com\/forms\/d\/e\/1FAIpQLSd0f2NtRHbmh8a6DNoyfRi_ROye8OaLJjJh9DvY-PR48eCqDg\/viewform\">\u00a1Quiero ser SOCIO\/A!<\/a><\/div>\n<\/div>\n\n\n\n<p><\/p>\n\n\n\n<h3 class=\"wp-block-heading\"><strong>Hazte colaborador <\/strong><\/h3>\n\n\n\n<p>Hacerse colaborador significa formar parte de una comunidad que lucha por un futuro mejor. Con tu contribuci\u00f3n, podemos financiar estudios cient\u00edficos, brindar apoyo a los pacientes y sus familias y ayudar a sensibilizar y dar visibilidad al S\u00edndrome de Myhre.<\/p>\n\n\n\n<p><strong>\u00bf C\u00f3mo puedo colaborar \/ donar?<\/strong><\/p>\n\n\n\n<p><\/p>\n\n\n\n<div class=\"wp-block-buttons is-content-justification-center is-layout-flex wp-container-core-buttons-is-layout-a89b3969 wp-block-buttons-is-layout-flex\">\n<div class=\"wp-block-button\"><a class=\"wp-block-button__link has-text-align-center wp-element-button\" href=\"https:\/\/drive.google.com\/file\/d\/19hMG-X9mbKcoC7muT-204X06Tq5qmQ9j\/view?usp=sharing\">Documento informativo para donativos<\/a><\/div>\n<\/div>\n\n\n\n<p><\/p>\n\n\n\n<p class=\"has-text-align-center\"><strong>Tu voz y tu apoyo pueden marcar la diferencia. <\/strong><\/p>\n\n\n\n<p class=\"has-text-align-center\"><strong>Ay\u00fadanos a dar visibilidad a lo invisible.<\/strong><\/p>\n\n\n\n<p><\/p>\n","protected":false},"excerpt":{"rendered":"<p>Hazte socio Si tienes un hijo\/a, un familiar&nbsp; con S\u00edndrome de Myhre o eres un paciente afectado\/a con este s\u00edndrome, te invitamos a hacerte socio de nuestra asociaci\u00f3n. Haci\u00e9ndote socio, podr\u00e1s acceder a la informaci\u00f3n actualizada en lo referente a investigaci\u00f3n, contar con el apoyo de la asociaci\u00f3n, formar parte del grupo de familias y [&hellip;]<\/p>\n","protected":false},"author":1,"featured_media":0,"parent":0,"menu_order":0,"comment_status":"closed","ping_status":"closed","template":"","meta":{"footnotes":""},"class_list":["post-26","page","type-page","status-publish","hentry"],"yoast_head":"<!-- This site is optimized with the Yoast SEO plugin v27.5 - https:\/\/yoast.com\/product\/yoast-seo-wordpress\/ -->\n<title>Colabora - ASME<\/title>\n<meta name=\"robots\" content=\"index, follow, max-snippet:-1, max-image-preview:large, max-video-preview:-1\" \/>\n<link rel=\"canonical\" href=\"https:\/\/asmemyhre.es\/index.php\/colabora\/\" \/>\n<meta property=\"og:locale\" content=\"es_ES\" \/>\n<meta property=\"og:type\" content=\"article\" \/>\n<meta property=\"og:title\" content=\"Colabora - ASME\" \/>\n<meta property=\"og:description\" content=\"Hazte socio Si tienes un hijo\/a, un familiar&nbsp; con S\u00edndrome de Myhre o eres un paciente afectado\/a con este s\u00edndrome, te invitamos a hacerte socio de nuestra asociaci\u00f3n. Haci\u00e9ndote socio, podr\u00e1s acceder a la informaci\u00f3n actualizada en lo referente a investigaci\u00f3n, contar con el apoyo de la asociaci\u00f3n, formar parte del grupo de familias y [&hellip;]\" \/>\n<meta property=\"og:url\" content=\"https:\/\/asmemyhre.es\/index.php\/colabora\/\" \/>\n<meta property=\"og:site_name\" content=\"ASME\" \/>\n<meta property=\"article:publisher\" content=\"https:\/\/www.facebook.com\/asme.myhre\" \/>\n<meta property=\"article:modified_time\" content=\"2025-07-03T14:02:26+00:00\" \/>\n<meta name=\"twitter:card\" content=\"summary_large_image\" \/>\n<meta name=\"twitter:label1\" content=\"Tiempo de lectura\" \/>\n\t<meta name=\"twitter:data1\" content=\"1 minuto\" \/>\n<script type=\"application\/ld+json\" class=\"yoast-schema-graph\">{\"@context\":\"https:\\\/\\\/schema.org\",\"@graph\":[{\"@type\":\"WebPage\",\"@id\":\"https:\\\/\\\/asmemyhre.es\\\/index.php\\\/colabora\\\/\",\"url\":\"https:\\\/\\\/asmemyhre.es\\\/index.php\\\/colabora\\\/\",\"name\":\"Colabora - ASME\",\"isPartOf\":{\"@id\":\"https:\\\/\\\/asmemyhre.es\\\/#website\"},\"datePublished\":\"2025-02-07T15:39:06+00:00\",\"dateModified\":\"2025-07-03T14:02:26+00:00\",\"breadcrumb\":{\"@id\":\"https:\\\/\\\/asmemyhre.es\\\/index.php\\\/colabora\\\/#breadcrumb\"},\"inLanguage\":\"es\",\"potentialAction\":[{\"@type\":\"ReadAction\",\"target\":[\"https:\\\/\\\/asmemyhre.es\\\/index.php\\\/colabora\\\/\"]}]},{\"@type\":\"BreadcrumbList\",\"@id\":\"https:\\\/\\\/asmemyhre.es\\\/index.php\\\/colabora\\\/#breadcrumb\",\"itemListElement\":[{\"@type\":\"ListItem\",\"position\":1,\"name\":\"Portada\",\"item\":\"https:\\\/\\\/asmemyhre.es\\\/\"},{\"@type\":\"ListItem\",\"position\":2,\"name\":\"Colabora\"}]},{\"@type\":\"WebSite\",\"@id\":\"https:\\\/\\\/asmemyhre.es\\\/#website\",\"url\":\"https:\\\/\\\/asmemyhre.es\\\/\",\"name\":\"Asociaci\u00f3n S\u00edndrome de Myhre Espa\u00f1a\",\"description\":\"Asociaci&oacute;n S&iacute;ndrome De Myhre Espa&ntilde;a\",\"publisher\":{\"@id\":\"https:\\\/\\\/asmemyhre.es\\\/#organization\"},\"alternateName\":\"ASME\",\"potentialAction\":[{\"@type\":\"SearchAction\",\"target\":{\"@type\":\"EntryPoint\",\"urlTemplate\":\"https:\\\/\\\/asmemyhre.es\\\/?s={search_term_string}\"},\"query-input\":{\"@type\":\"PropertyValueSpecification\",\"valueRequired\":true,\"valueName\":\"search_term_string\"}}],\"inLanguage\":\"es\"},{\"@type\":\"Organization\",\"@id\":\"https:\\\/\\\/asmemyhre.es\\\/#organization\",\"name\":\"ASME\",\"url\":\"https:\\\/\\\/asmemyhre.es\\\/\",\"logo\":{\"@type\":\"ImageObject\",\"inLanguage\":\"es\",\"@id\":\"https:\\\/\\\/asmemyhre.es\\\/#\\\/schema\\\/logo\\\/image\\\/\",\"url\":\"https:\\\/\\\/asmemyhre.es\\\/wp-content\\\/uploads\\\/2025\\\/02\\\/image3.png\",\"contentUrl\":\"https:\\\/\\\/asmemyhre.es\\\/wp-content\\\/uploads\\\/2025\\\/02\\\/image3.png\",\"width\":1530,\"height\":722,\"caption\":\"ASME\"},\"image\":{\"@id\":\"https:\\\/\\\/asmemyhre.es\\\/#\\\/schema\\\/logo\\\/image\\\/\"},\"sameAs\":[\"https:\\\/\\\/www.facebook.com\\\/asme.myhre\",\"https:\\\/\\\/www.instagram.com\\\/asme.myhre\\\/\"]}]}<\/script>\n<!-- \/ Yoast SEO plugin. -->","yoast_head_json":{"title":"Colabora - ASME","robots":{"index":"index","follow":"follow","max-snippet":"max-snippet:-1","max-image-preview":"max-image-preview:large","max-video-preview":"max-video-preview:-1"},"canonical":"https:\/\/asmemyhre.es\/index.php\/colabora\/","og_locale":"es_ES","og_type":"article","og_title":"Colabora - ASME","og_description":"Hazte socio Si tienes un hijo\/a, un familiar&nbsp; con S\u00edndrome de Myhre o eres un paciente afectado\/a con este s\u00edndrome, te invitamos a hacerte socio de nuestra asociaci\u00f3n. Haci\u00e9ndote socio, podr\u00e1s acceder a la informaci\u00f3n actualizada en lo referente a investigaci\u00f3n, contar con el apoyo de la asociaci\u00f3n, formar parte del grupo de familias y [&hellip;]","og_url":"https:\/\/asmemyhre.es\/index.php\/colabora\/","og_site_name":"ASME","article_publisher":"https:\/\/www.facebook.com\/asme.myhre","article_modified_time":"2025-07-03T14:02:26+00:00","twitter_card":"summary_large_image","twitter_misc":{"Tiempo de lectura":"1 minuto"},"schema":{"@context":"https:\/\/schema.org","@graph":[{"@type":"WebPage","@id":"https:\/\/asmemyhre.es\/index.php\/colabora\/","url":"https:\/\/asmemyhre.es\/index.php\/colabora\/","name":"Colabora - ASME","isPartOf":{"@id":"https:\/\/asmemyhre.es\/#website"},"datePublished":"2025-02-07T15:39:06+00:00","dateModified":"2025-07-03T14:02:26+00:00","breadcrumb":{"@id":"https:\/\/asmemyhre.es\/index.php\/colabora\/#breadcrumb"},"inLanguage":"es","potentialAction":[{"@type":"ReadAction","target":["https:\/\/asmemyhre.es\/index.php\/colabora\/"]}]},{"@type":"BreadcrumbList","@id":"https:\/\/asmemyhre.es\/index.php\/colabora\/#breadcrumb","itemListElement":[{"@type":"ListItem","position":1,"name":"Portada","item":"https:\/\/asmemyhre.es\/"},{"@type":"ListItem","position":2,"name":"Colabora"}]},{"@type":"WebSite","@id":"https:\/\/asmemyhre.es\/#website","url":"https:\/\/asmemyhre.es\/","name":"Asociaci\u00f3n S\u00edndrome de Myhre Espa\u00f1a","description":"Asociaci&oacute;n S&iacute;ndrome De Myhre Espa&ntilde;a","publisher":{"@id":"https:\/\/asmemyhre.es\/#organization"},"alternateName":"ASME","potentialAction":[{"@type":"SearchAction","target":{"@type":"EntryPoint","urlTemplate":"https:\/\/asmemyhre.es\/?s={search_term_string}"},"query-input":{"@type":"PropertyValueSpecification","valueRequired":true,"valueName":"search_term_string"}}],"inLanguage":"es"},{"@type":"Organization","@id":"https:\/\/asmemyhre.es\/#organization","name":"ASME","url":"https:\/\/asmemyhre.es\/","logo":{"@type":"ImageObject","inLanguage":"es","@id":"https:\/\/asmemyhre.es\/#\/schema\/logo\/image\/","url":"https:\/\/asmemyhre.es\/wp-content\/uploads\/2025\/02\/image3.png","contentUrl":"https:\/\/asmemyhre.es\/wp-content\/uploads\/2025\/02\/image3.png","width":1530,"height":722,"caption":"ASME"},"image":{"@id":"https:\/\/asmemyhre.es\/#\/schema\/logo\/image\/"},"sameAs":["https:\/\/www.facebook.com\/asme.myhre","https:\/\/www.instagram.com\/asme.myhre\/"]}]}},"_links":{"self":[{"href":"https:\/\/asmemyhre.es\/index.php\/wp-json\/wp\/v2\/pages\/26","targetHints":{"allow":["GET"]}}],"collection":[{"href":"https:\/\/asmemyhre.es\/index.php\/wp-json\/wp\/v2\/pages"}],"about":[{"href":"https:\/\/asmemyhre.es\/index.php\/wp-json\/wp\/v2\/types\/page"}],"author":[{"embeddable":true,"href":"https:\/\/asmemyhre.es\/index.php\/wp-json\/wp\/v2\/users\/1"}],"replies":[{"embeddable":true,"href":"https:\/\/asmemyhre.es\/index.php\/wp-json\/wp\/v2\/comments?post=26"}],"version-history":[{"count":12,"href":"https:\/\/asmemyhre.es\/index.php\/wp-json\/wp\/v2\/pages\/26\/revisions"}],"predecessor-version":[{"id":416,"href":"https:\/\/asmemyhre.es\/index.php\/wp-json\/wp\/v2\/pages\/26\/revisions\/416"}],"wp:attachment":[{"href":"https:\/\/asmemyhre.es\/index.php\/wp-json\/wp\/v2\/media?parent=26"}],"curies":[{"name":"wp","href":"https:\/\/api.w.org\/{rel}","templated":true}]}}