{"id":286,"date":"2025-02-21T17:02:57","date_gmt":"2025-02-21T16:02:57","guid":{"rendered":"https:\/\/asmemyhre.es\/?page_id=286"},"modified":"2025-07-03T12:29:40","modified_gmt":"2025-07-03T10:29:40","slug":"investigacion","status":"publish","type":"page","link":"https:\/\/asmemyhre.es\/index.php\/investigacion\/","title":{"rendered":"Investigaci\u00f3n"},"content":{"rendered":"\n<h1 class=\"wp-block-heading\">Investigaci\u00f3n<\/h1>\n\n\n\n<h4 class=\"wp-block-heading\">Grupo Structural Characterization of Macromolecular Assemblies IRB Barcelona<\/h4>\n\n\n\n<h5 class=\"wp-block-heading\">Dra Maria J. Macias, <a href=\"https:\/\/ICREA.cat\">ICREA<\/a><\/h5>\n\n\n\n<p><a href=\"https:\/\/maciasnmr.net\/\">Nuestro laboratorio<\/a> se dedica a la determinaci\u00f3n estructural de las <a href=\"https:\/\/es.wikipedia.org\/wiki\/Prote%C3%ADna\">prote\u00ednas<\/a>, y a entender su funcionamiento.&nbsp;<\/p>\n\n\n\n<figure class=\"wp-block-image size-large\"><img loading=\"lazy\" decoding=\"async\" width=\"1024\" height=\"669\" src=\"https:\/\/asmemyhre.es\/wp-content\/uploads\/2025\/02\/IMG_7620-1-1024x669.jpg\" alt=\"\" class=\"wp-image-287\" srcset=\"https:\/\/asmemyhre.es\/wp-content\/uploads\/2025\/02\/IMG_7620-1-1024x669.jpg 1024w, https:\/\/asmemyhre.es\/wp-content\/uploads\/2025\/02\/IMG_7620-1-300x196.jpg 300w, https:\/\/asmemyhre.es\/wp-content\/uploads\/2025\/02\/IMG_7620-1-768x502.jpg 768w, https:\/\/asmemyhre.es\/wp-content\/uploads\/2025\/02\/IMG_7620-1-1536x1004.jpg 1536w, https:\/\/asmemyhre.es\/wp-content\/uploads\/2025\/02\/IMG_7620-1-2048x1338.jpg 2048w\" sizes=\"auto, (max-width: 1024px) 100vw, 1024px\" \/><\/figure>\n\n\n\n<p class=\"has-small-font-size\"><strong>El grupo Structural Characterization of Macromolecular Assemblies del IRB Barcelona<\/strong><\/p>\n\n\n\n<p>Las prote\u00ednas son mol\u00e9culas que se encuentran en todos los seres vivos, y pueden desempe\u00f1ar multitud de funciones en las c\u00e9lulas. Est\u00e1n formadas por una larga cadena de <a href=\"https:\/\/es.wikipedia.org\/wiki\/Amino%C3%A1cido\">amino\u00e1cidos<\/a>, que son su unidad constituyente. Estos amino\u00e1cidos determinan su <a href=\"https:\/\/es.wikipedia.org\/wiki\/Estructura_de_las_prote%C3%ADnas\">estructura<\/a>, y su funci\u00f3n. Llevamos m\u00e1s de dos d\u00e9cadas investigando el funcionamiento de la cascada de se\u00f1alizaci\u00f3n <a href=\"https:\/\/es.wikipedia.org\/wiki\/Factor_de_crecimiento_transformante_beta\">TGF beta<\/a> y el modo en el que las prote\u00ednas<a href=\"https:\/\/es.wikipedia.org\/wiki\/SMAD_(prote%C3%ADna)\"> SMAD<\/a>s transmiten las se\u00f1ales que se generan en el receptor y las convierten en respuestas en el n\u00facleo.<\/p>\n\n\n\n<p>Las prote\u00ednas SMADs y en particular SMAD4, est\u00e1n muy conservadas en su secuencia de amino\u00e1cidos a lo largo de la evoluci\u00f3n. Esto significa que cualquier cambio en esta secuencia alterar\u00e1 su estructura, o forma, y por lo tanto, su funci\u00f3n. Estos cambios se llaman variantes o mutaciones.&nbsp;El s\u00edndrome de Myhre se origina por mutaciones que ocurren <em>de novo<\/em> en dos posiciones de la secuencia de SMAD4, en concreto en las posiciones 496 y 500 y nos decidimos a investigar su impacto, primero en la estructura y luego en la capacidad de asociarse con otras prote\u00ednas SMADs. <\/p>\n\n\n\n<figure class=\"wp-block-image size-large\"><img loading=\"lazy\" decoding=\"async\" width=\"1024\" height=\"721\" src=\"https:\/\/asmemyhre.es\/wp-content\/uploads\/2025\/02\/smad4-mh2-myhre-1024x721.png\" alt=\"\" class=\"wp-image-288\" srcset=\"https:\/\/asmemyhre.es\/wp-content\/uploads\/2025\/02\/smad4-mh2-myhre-1024x721.png 1024w, https:\/\/asmemyhre.es\/wp-content\/uploads\/2025\/02\/smad4-mh2-myhre-300x211.png 300w, https:\/\/asmemyhre.es\/wp-content\/uploads\/2025\/02\/smad4-mh2-myhre-768x541.png 768w, https:\/\/asmemyhre.es\/wp-content\/uploads\/2025\/02\/smad4-mh2-myhre-1536x1082.png 1536w, https:\/\/asmemyhre.es\/wp-content\/uploads\/2025\/02\/smad4-mh2-myhre.png 2000w\" sizes=\"auto, (max-width: 1024px) 100vw, 1024px\" \/><\/figure>\n\n\n\n<p class=\"has-small-font-size\"><strong>Parte de la estructura de SMAD4 con los amino\u00e1cidos 496 y 500 marcados en rosa<\/strong><\/p>\n\n\n\n<figure class=\"wp-block-image size-large\"><img loading=\"lazy\" decoding=\"async\" width=\"1024\" height=\"721\" src=\"https:\/\/asmemyhre.es\/wp-content\/uploads\/2025\/02\/smad4-mh2-myhre-trimer-1-1024x721.png\" alt=\"\" class=\"wp-image-295\" srcset=\"https:\/\/asmemyhre.es\/wp-content\/uploads\/2025\/02\/smad4-mh2-myhre-trimer-1-1024x721.png 1024w, https:\/\/asmemyhre.es\/wp-content\/uploads\/2025\/02\/smad4-mh2-myhre-trimer-1-300x211.png 300w, https:\/\/asmemyhre.es\/wp-content\/uploads\/2025\/02\/smad4-mh2-myhre-trimer-1-768x541.png 768w, https:\/\/asmemyhre.es\/wp-content\/uploads\/2025\/02\/smad4-mh2-myhre-trimer-1-1536x1082.png 1536w, https:\/\/asmemyhre.es\/wp-content\/uploads\/2025\/02\/smad4-mh2-myhre-trimer-1.png 2000w\" sizes=\"auto, (max-width: 1024px) 100vw, 1024px\" \/><\/figure>\n\n\n\n<p class=\"has-small-font-size\"><strong>Estructura de SMAD4 (en azul) formando un complejo con dos unidades de la prote\u00edna SMAD2 (en dos tonos de verde). En rosa, los amino\u00e1cidos 496 y 500<\/strong>.<\/p>\n\n\n\n<p>En paralelo con la determinaci\u00f3n estructural, decidimos investigar si podr\u00edamos encontrar compuestos qu\u00edmicos que pudieran modificar la funci\u00f3n de esta prote\u00edna y quiz\u00e1s servir como futuros f\u00e1rmacos en el futuro. En este momento tenemos unas mol\u00e9culas que queremos probar en contextos celulares y tambi\u00e9n hemos empezado a descifrar las bases moleculares de la enfermedad con nuestras estructuras. Este empe\u00f1o nos ha llevado a incorporar t\u00e9cnicas a la rutina de nuestro laboratorio con las que nunca hab\u00edamos trabajado y a escribir y lograr numerosos proyectos para financiar lo que al principio parec\u00edan ocurrencias. A\u00fan estamos empezando el camino para encontrar mol\u00e9culas que puedan tener utilidad farmacol\u00f3gica. <\/p>\n\n\n\n<p>Hemos hecho equipo con las personas que tienen este s\u00edndrome y sus familiares, y con otros equipos de investigaci\u00f3n, tanto nacionales, como europeos y en Estados Unidos, con los equipos m\u00e9dicos que los tratan, y estamos muy agradecidos a las agencias nacionales y europeas que nos han ido financiando a lo largo de estos \u00faltimos a\u00f1os.<\/p>\n\n\n\n<p><\/p>\n\n\n\n<h2 class=\"wp-block-heading\">Equipo Neuro-e-motion<\/h2>\n\n\n\n<h2 class=\"wp-block-heading\"><em>Investigaci\u00f3n sobre aspectos Neuropsicol\u00f3gicos y Psicosociales de las Enfermedades Raras<\/em><\/h2>\n\n\n\n<p>Desde 2004, <a href=\"https:\/\/neuroemotion.deusto.es\/\">nuestro equipo<\/a> investiga enfermedades neuromusculares y del neurodesarrollo de baja prevalencia, con un enfoque en los aspectos neuropsicol\u00f3gicos y psicosociales que afectan a las personas y sus familias. <\/p>\n\n\n\n<figure class=\"wp-block-image size-large\"><img loading=\"lazy\" decoding=\"async\" width=\"1024\" height=\"768\" src=\"https:\/\/asmemyhre.es\/wp-content\/uploads\/2025\/07\/image-1024x768.png\" alt=\"\" class=\"wp-image-394\" srcset=\"https:\/\/asmemyhre.es\/wp-content\/uploads\/2025\/07\/image-1024x768.png 1024w, https:\/\/asmemyhre.es\/wp-content\/uploads\/2025\/07\/image-300x225.png 300w, https:\/\/asmemyhre.es\/wp-content\/uploads\/2025\/07\/image-768x576.png 768w, https:\/\/asmemyhre.es\/wp-content\/uploads\/2025\/07\/image-1536x1152.png 1536w, https:\/\/asmemyhre.es\/wp-content\/uploads\/2025\/07\/image.png 2048w\" sizes=\"auto, (max-width: 1024px) 100vw, 1024px\" \/><figcaption class=\"wp-element-caption\"><strong>Integrantes del equipo Neuro-e-motion de la Universidad de Deusto.<\/strong><\/figcaption><\/figure>\n\n\n\n<p>Nos dedicamos a crear, desarrollar y validar programas de evaluaci\u00f3n e intervenci\u00f3n psicosocial para mejorar la calidad de vida de los afectados.<\/p>\n\n\n\n<p>Ofrecemos servicios especializados de evaluaci\u00f3n neuropsicol\u00f3gica y atenci\u00f3n psicosocial, adaptados a cada tipo de enfermedad rara. Adem\u00e1s, proporcionamos intervenci\u00f3n psicosocial online y presencial para menores, y hemos desarrollado aplicaciones m\u00f3viles para cuidadores. Tambi\u00e9n contamos con programas de realidad virtual para simular las barreras f\u00edsicas que enfrentan los ni\u00f1os con diversidad funcional motora y estudiamos el impacto econ\u00f3mico y social de las enfermedades raras.<\/p>\n\n\n\n<p>Una de nuestras principales l\u00edneas de investigaci\u00f3n se centra en el S\u00edndrome de Myhre, una enfermedad rara de baja prevalencia que afecta a menos de 200 personas en todo el mundo. Este s\u00edndrome es causado por una mutaci\u00f3n gen\u00e9tica en el gen SMAD4, ubicado en el cromosoma 18.<em>\u00a0<\/em><\/p>\n\n\n\n<p><\/p>\n\n\n\n<p>Nuestro objetivo principal en esta investigaci\u00f3n es <strong>identificar los rasgos fenot\u00edpicos espec\u00edficos <\/strong>que definen el S\u00edndrome de Myhre para poder comparar las caracter\u00edsticas comunes en la evoluci\u00f3n de la enfermedad. Adem\u00e1s, buscamos <strong>determinar los predictores del desarrollo <\/strong>que mejor expliquen las alteraciones actuales en el funcionamiento cognitivo, especialmente en \u00e1reas como la atenci\u00f3n, el lenguaje y la memoria. Finalmente, nos proponemos <strong>identificar los indicadores neuropsicol\u00f3gicos<\/strong> que puedan predecir la sintomatolog\u00eda aut\u00edstica en personas afectadas por el s\u00edndrome.<\/p>\n\n\n\n<p><\/p>\n","protected":false},"excerpt":{"rendered":"<p>Investigaci\u00f3n Grupo Structural Characterization of Macromolecular Assemblies IRB Barcelona Dra Maria J. Macias, ICREA Nuestro laboratorio se dedica a la determinaci\u00f3n estructural de las prote\u00ednas, y a entender su funcionamiento.&nbsp; El grupo Structural Characterization of Macromolecular Assemblies del IRB Barcelona Las prote\u00ednas son mol\u00e9culas que se encuentran en todos los seres vivos, y pueden desempe\u00f1ar [&hellip;]<\/p>\n","protected":false},"author":2,"featured_media":0,"parent":0,"menu_order":0,"comment_status":"closed","ping_status":"closed","template":"","meta":{"footnotes":""},"class_list":["post-286","page","type-page","status-publish","hentry"],"yoast_head":"<!-- This site is optimized with the Yoast SEO plugin v27.5 - https:\/\/yoast.com\/product\/yoast-seo-wordpress\/ -->\n<title>Investigaci\u00f3n - ASME<\/title>\n<meta name=\"robots\" content=\"index, follow, max-snippet:-1, max-image-preview:large, max-video-preview:-1\" \/>\n<link rel=\"canonical\" href=\"https:\/\/asmemyhre.es\/index.php\/investigacion\/\" \/>\n<meta property=\"og:locale\" content=\"es_ES\" \/>\n<meta property=\"og:type\" content=\"article\" \/>\n<meta property=\"og:title\" content=\"Investigaci\u00f3n - ASME\" \/>\n<meta property=\"og:description\" content=\"Investigaci\u00f3n Grupo Structural Characterization of Macromolecular Assemblies IRB Barcelona Dra Maria J. Macias, ICREA Nuestro laboratorio se dedica a la determinaci\u00f3n estructural de las prote\u00ednas, y a entender su funcionamiento.&nbsp; El grupo Structural Characterization of Macromolecular Assemblies del IRB Barcelona Las prote\u00ednas son mol\u00e9culas que se encuentran en todos los seres vivos, y pueden desempe\u00f1ar [&hellip;]\" \/>\n<meta property=\"og:url\" content=\"https:\/\/asmemyhre.es\/index.php\/investigacion\/\" \/>\n<meta property=\"og:site_name\" content=\"ASME\" \/>\n<meta property=\"article:publisher\" content=\"https:\/\/www.facebook.com\/asme.myhre\" \/>\n<meta property=\"article:modified_time\" content=\"2025-07-03T10:29:40+00:00\" \/>\n<meta property=\"og:image\" content=\"https:\/\/asmemyhre.es\/wp-content\/uploads\/2025\/02\/IMG_7620-1-scaled.jpg\" \/>\n\t<meta property=\"og:image:width\" content=\"2560\" \/>\n\t<meta property=\"og:image:height\" content=\"1673\" \/>\n\t<meta property=\"og:image:type\" content=\"image\/jpeg\" \/>\n<meta name=\"twitter:card\" content=\"summary_large_image\" \/>\n<meta name=\"twitter:label1\" content=\"Tiempo de lectura\" \/>\n\t<meta name=\"twitter:data1\" content=\"4 minutos\" \/>\n<script type=\"application\/ld+json\" class=\"yoast-schema-graph\">{\"@context\":\"https:\\\/\\\/schema.org\",\"@graph\":[{\"@type\":\"WebPage\",\"@id\":\"https:\\\/\\\/asmemyhre.es\\\/index.php\\\/investigacion\\\/\",\"url\":\"https:\\\/\\\/asmemyhre.es\\\/index.php\\\/investigacion\\\/\",\"name\":\"Investigaci\u00f3n - ASME\",\"isPartOf\":{\"@id\":\"https:\\\/\\\/asmemyhre.es\\\/#website\"},\"primaryImageOfPage\":{\"@id\":\"https:\\\/\\\/asmemyhre.es\\\/index.php\\\/investigacion\\\/#primaryimage\"},\"image\":{\"@id\":\"https:\\\/\\\/asmemyhre.es\\\/index.php\\\/investigacion\\\/#primaryimage\"},\"thumbnailUrl\":\"https:\\\/\\\/asmemyhre.es\\\/wp-content\\\/uploads\\\/2025\\\/02\\\/IMG_7620-1-1024x669.jpg\",\"datePublished\":\"2025-02-21T16:02:57+00:00\",\"dateModified\":\"2025-07-03T10:29:40+00:00\",\"breadcrumb\":{\"@id\":\"https:\\\/\\\/asmemyhre.es\\\/index.php\\\/investigacion\\\/#breadcrumb\"},\"inLanguage\":\"es\",\"potentialAction\":[{\"@type\":\"ReadAction\",\"target\":[\"https:\\\/\\\/asmemyhre.es\\\/index.php\\\/investigacion\\\/\"]}]},{\"@type\":\"ImageObject\",\"inLanguage\":\"es\",\"@id\":\"https:\\\/\\\/asmemyhre.es\\\/index.php\\\/investigacion\\\/#primaryimage\",\"url\":\"https:\\\/\\\/asmemyhre.es\\\/wp-content\\\/uploads\\\/2025\\\/02\\\/IMG_7620-1-scaled.jpg\",\"contentUrl\":\"https:\\\/\\\/asmemyhre.es\\\/wp-content\\\/uploads\\\/2025\\\/02\\\/IMG_7620-1-scaled.jpg\",\"width\":2560,\"height\":1673},{\"@type\":\"BreadcrumbList\",\"@id\":\"https:\\\/\\\/asmemyhre.es\\\/index.php\\\/investigacion\\\/#breadcrumb\",\"itemListElement\":[{\"@type\":\"ListItem\",\"position\":1,\"name\":\"Portada\",\"item\":\"https:\\\/\\\/asmemyhre.es\\\/\"},{\"@type\":\"ListItem\",\"position\":2,\"name\":\"Investigaci\u00f3n\"}]},{\"@type\":\"WebSite\",\"@id\":\"https:\\\/\\\/asmemyhre.es\\\/#website\",\"url\":\"https:\\\/\\\/asmemyhre.es\\\/\",\"name\":\"Asociaci\u00f3n S\u00edndrome de Myhre Espa\u00f1a\",\"description\":\"Asociaci&oacute;n S&iacute;ndrome De Myhre Espa&ntilde;a\",\"publisher\":{\"@id\":\"https:\\\/\\\/asmemyhre.es\\\/#organization\"},\"alternateName\":\"ASME\",\"potentialAction\":[{\"@type\":\"SearchAction\",\"target\":{\"@type\":\"EntryPoint\",\"urlTemplate\":\"https:\\\/\\\/asmemyhre.es\\\/?s={search_term_string}\"},\"query-input\":{\"@type\":\"PropertyValueSpecification\",\"valueRequired\":true,\"valueName\":\"search_term_string\"}}],\"inLanguage\":\"es\"},{\"@type\":\"Organization\",\"@id\":\"https:\\\/\\\/asmemyhre.es\\\/#organization\",\"name\":\"ASME\",\"url\":\"https:\\\/\\\/asmemyhre.es\\\/\",\"logo\":{\"@type\":\"ImageObject\",\"inLanguage\":\"es\",\"@id\":\"https:\\\/\\\/asmemyhre.es\\\/#\\\/schema\\\/logo\\\/image\\\/\",\"url\":\"https:\\\/\\\/asmemyhre.es\\\/wp-content\\\/uploads\\\/2025\\\/02\\\/image3.png\",\"contentUrl\":\"https:\\\/\\\/asmemyhre.es\\\/wp-content\\\/uploads\\\/2025\\\/02\\\/image3.png\",\"width\":1530,\"height\":722,\"caption\":\"ASME\"},\"image\":{\"@id\":\"https:\\\/\\\/asmemyhre.es\\\/#\\\/schema\\\/logo\\\/image\\\/\"},\"sameAs\":[\"https:\\\/\\\/www.facebook.com\\\/asme.myhre\",\"https:\\\/\\\/www.instagram.com\\\/asme.myhre\\\/\"]}]}<\/script>\n<!-- \/ Yoast SEO plugin. -->","yoast_head_json":{"title":"Investigaci\u00f3n - ASME","robots":{"index":"index","follow":"follow","max-snippet":"max-snippet:-1","max-image-preview":"max-image-preview:large","max-video-preview":"max-video-preview:-1"},"canonical":"https:\/\/asmemyhre.es\/index.php\/investigacion\/","og_locale":"es_ES","og_type":"article","og_title":"Investigaci\u00f3n - ASME","og_description":"Investigaci\u00f3n Grupo Structural Characterization of Macromolecular Assemblies IRB Barcelona Dra Maria J. Macias, ICREA Nuestro laboratorio se dedica a la determinaci\u00f3n estructural de las prote\u00ednas, y a entender su funcionamiento.&nbsp; El grupo Structural Characterization of Macromolecular Assemblies del IRB Barcelona Las prote\u00ednas son mol\u00e9culas que se encuentran en todos los seres vivos, y pueden desempe\u00f1ar [&hellip;]","og_url":"https:\/\/asmemyhre.es\/index.php\/investigacion\/","og_site_name":"ASME","article_publisher":"https:\/\/www.facebook.com\/asme.myhre","article_modified_time":"2025-07-03T10:29:40+00:00","og_image":[{"width":2560,"height":1673,"url":"https:\/\/asmemyhre.es\/wp-content\/uploads\/2025\/02\/IMG_7620-1-scaled.jpg","type":"image\/jpeg"}],"twitter_card":"summary_large_image","twitter_misc":{"Tiempo de lectura":"4 minutos"},"schema":{"@context":"https:\/\/schema.org","@graph":[{"@type":"WebPage","@id":"https:\/\/asmemyhre.es\/index.php\/investigacion\/","url":"https:\/\/asmemyhre.es\/index.php\/investigacion\/","name":"Investigaci\u00f3n - ASME","isPartOf":{"@id":"https:\/\/asmemyhre.es\/#website"},"primaryImageOfPage":{"@id":"https:\/\/asmemyhre.es\/index.php\/investigacion\/#primaryimage"},"image":{"@id":"https:\/\/asmemyhre.es\/index.php\/investigacion\/#primaryimage"},"thumbnailUrl":"https:\/\/asmemyhre.es\/wp-content\/uploads\/2025\/02\/IMG_7620-1-1024x669.jpg","datePublished":"2025-02-21T16:02:57+00:00","dateModified":"2025-07-03T10:29:40+00:00","breadcrumb":{"@id":"https:\/\/asmemyhre.es\/index.php\/investigacion\/#breadcrumb"},"inLanguage":"es","potentialAction":[{"@type":"ReadAction","target":["https:\/\/asmemyhre.es\/index.php\/investigacion\/"]}]},{"@type":"ImageObject","inLanguage":"es","@id":"https:\/\/asmemyhre.es\/index.php\/investigacion\/#primaryimage","url":"https:\/\/asmemyhre.es\/wp-content\/uploads\/2025\/02\/IMG_7620-1-scaled.jpg","contentUrl":"https:\/\/asmemyhre.es\/wp-content\/uploads\/2025\/02\/IMG_7620-1-scaled.jpg","width":2560,"height":1673},{"@type":"BreadcrumbList","@id":"https:\/\/asmemyhre.es\/index.php\/investigacion\/#breadcrumb","itemListElement":[{"@type":"ListItem","position":1,"name":"Portada","item":"https:\/\/asmemyhre.es\/"},{"@type":"ListItem","position":2,"name":"Investigaci\u00f3n"}]},{"@type":"WebSite","@id":"https:\/\/asmemyhre.es\/#website","url":"https:\/\/asmemyhre.es\/","name":"Asociaci\u00f3n S\u00edndrome de Myhre Espa\u00f1a","description":"Asociaci&oacute;n S&iacute;ndrome De Myhre Espa&ntilde;a","publisher":{"@id":"https:\/\/asmemyhre.es\/#organization"},"alternateName":"ASME","potentialAction":[{"@type":"SearchAction","target":{"@type":"EntryPoint","urlTemplate":"https:\/\/asmemyhre.es\/?s={search_term_string}"},"query-input":{"@type":"PropertyValueSpecification","valueRequired":true,"valueName":"search_term_string"}}],"inLanguage":"es"},{"@type":"Organization","@id":"https:\/\/asmemyhre.es\/#organization","name":"ASME","url":"https:\/\/asmemyhre.es\/","logo":{"@type":"ImageObject","inLanguage":"es","@id":"https:\/\/asmemyhre.es\/#\/schema\/logo\/image\/","url":"https:\/\/asmemyhre.es\/wp-content\/uploads\/2025\/02\/image3.png","contentUrl":"https:\/\/asmemyhre.es\/wp-content\/uploads\/2025\/02\/image3.png","width":1530,"height":722,"caption":"ASME"},"image":{"@id":"https:\/\/asmemyhre.es\/#\/schema\/logo\/image\/"},"sameAs":["https:\/\/www.facebook.com\/asme.myhre","https:\/\/www.instagram.com\/asme.myhre\/"]}]}},"_links":{"self":[{"href":"https:\/\/asmemyhre.es\/index.php\/wp-json\/wp\/v2\/pages\/286","targetHints":{"allow":["GET"]}}],"collection":[{"href":"https:\/\/asmemyhre.es\/index.php\/wp-json\/wp\/v2\/pages"}],"about":[{"href":"https:\/\/asmemyhre.es\/index.php\/wp-json\/wp\/v2\/types\/page"}],"author":[{"embeddable":true,"href":"https:\/\/asmemyhre.es\/index.php\/wp-json\/wp\/v2\/users\/2"}],"replies":[{"embeddable":true,"href":"https:\/\/asmemyhre.es\/index.php\/wp-json\/wp\/v2\/comments?post=286"}],"version-history":[{"count":8,"href":"https:\/\/asmemyhre.es\/index.php\/wp-json\/wp\/v2\/pages\/286\/revisions"}],"predecessor-version":[{"id":397,"href":"https:\/\/asmemyhre.es\/index.php\/wp-json\/wp\/v2\/pages\/286\/revisions\/397"}],"wp:attachment":[{"href":"https:\/\/asmemyhre.es\/index.php\/wp-json\/wp\/v2\/media?parent=286"}],"curies":[{"name":"wp","href":"https:\/\/api.w.org\/{rel}","templated":true}]}}